{"id":19,"date":"2014-02-05T14:29:57","date_gmt":"2014-02-05T13:29:57","guid":{"rendered":"http:\/\/wygrywanki.pl\/art\/?page_id=19"},"modified":"2014-02-07T16:56:56","modified_gmt":"2014-02-07T15:56:56","slug":"wygrywanki","status":"publish","type":"page","link":"http:\/\/wygrywanki.pl\/art\/wygrywanki\/","title":{"rendered":"Wygrywanki"},"content":{"rendered":"<p>Zapraszamy do korzystania z bezp\u0142atnych materia\u0142\u00f3w, udost\u0119pnionych w ramach projektu: <strong><a href=\"http:\/\/www.wygrywanki.pl\">wygrywanki.pl<\/a><\/strong><\/p>\n","protected":false},"excerpt":{"rendered":"<p>Zapraszamy do korzystania z bezp\u0142atnych materia\u0142\u00f3w, udost\u0119pnionych w ramach projektu: wygrywanki.pl<\/p>\n","protected":false},"author":1,"featured_media":0,"parent":0,"menu_order":2,"comment_status":"closed","ping_status":"closed","template":"","meta":{"footnotes":""},"_links":{"self":[{"href":"http:\/\/wygrywanki.pl\/art\/wp-json\/wp\/v2\/pages\/19"}],"collection":[{"href":"http:\/\/wygrywanki.pl\/art\/wp-json\/wp\/v2\/pages"}],"about":[{"href":"http:\/\/wygrywanki.pl\/art\/wp-json\/wp\/v2\/types\/page"}],"author":[{"embeddable":true,"href":"http:\/\/wygrywanki.pl\/art\/wp-json\/wp\/v2\/users\/1"}],"replies":[{"embeddable":true,"href":"http:\/\/wygrywanki.pl\/art\/wp-json\/wp\/v2\/comments?post=19"}],"version-history":[{"count":27,"href":"http:\/\/wygrywanki.pl\/art\/wp-json\/wp\/v2\/pages\/19\/revisions"}],"predecessor-version":[{"id":185,"href":"http:\/\/wygrywanki.pl\/art\/wp-json\/wp\/v2\/pages\/19\/revisions\/185"}],"wp:attachment":[{"href":"http:\/\/wygrywanki.pl\/art\/wp-json\/wp\/v2\/media?parent=19"}],"curies":[{"name":"wp","href":"https:\/\/api.w.org\/{rel}","templated":true}]}}