{"id":264,"date":"2014-06-02T22:41:14","date_gmt":"2014-06-02T20:41:14","guid":{"rendered":"http:\/\/wygrywanki.pl\/art\/?page_id=264"},"modified":"2023-09-21T23:00:48","modified_gmt":"2023-09-21T21:00:48","slug":"zamowienia","status":"publish","type":"page","link":"http:\/\/wygrywanki.pl\/art\/zamowienia\/","title":{"rendered":"Zam\u00f3wienia"},"content":{"rendered":"<p>Do sk\u0142adania zam\u00f3wie\u0144 prosimy korzysta\u0107\u00a0z zamieszczonego poni\u017cej formularza kontaktowego.<\/p>\n<blockquote class=\"wp-embedded-content\" data-secret=\"dLV4ZQLQRC\"><p><a href=\"https:\/\/www.wygrywanki.pl\/kontakt\/\">Napisz do nas<\/a><\/p><\/blockquote>\n<p><iframe class=\"wp-embedded-content\" sandbox=\"allow-scripts\" security=\"restricted\" style=\"position: absolute; clip: rect(1px, 1px, 1px, 1px);\" title=\"&#8222;Napisz do nas&#8221; &#8212; Wygrywanki \u2122\" src=\"https:\/\/www.wygrywanki.pl\/kontakt\/embed\/#?secret=56IOuLkiFK#?secret=dLV4ZQLQRC\" data-secret=\"dLV4ZQLQRC\" width=\"600\" height=\"338\" frameborder=\"0\" marginwidth=\"0\" marginheight=\"0\" scrolling=\"no\"><\/iframe><\/p>\n","protected":false},"excerpt":{"rendered":"<p>Do sk\u0142adania zam\u00f3wie\u0144 prosimy korzysta\u0107\u00a0z zamieszczonego poni\u017cej formularza kontaktowego. Napisz do nas<\/p>\n","protected":false},"author":1,"featured_media":0,"parent":0,"menu_order":0,"comment_status":"closed","ping_status":"closed","template":"","meta":{"footnotes":""},"_links":{"self":[{"href":"http:\/\/wygrywanki.pl\/art\/wp-json\/wp\/v2\/pages\/264"}],"collection":[{"href":"http:\/\/wygrywanki.pl\/art\/wp-json\/wp\/v2\/pages"}],"about":[{"href":"http:\/\/wygrywanki.pl\/art\/wp-json\/wp\/v2\/types\/page"}],"author":[{"embeddable":true,"href":"http:\/\/wygrywanki.pl\/art\/wp-json\/wp\/v2\/users\/1"}],"replies":[{"embeddable":true,"href":"http:\/\/wygrywanki.pl\/art\/wp-json\/wp\/v2\/comments?post=264"}],"version-history":[{"count":6,"href":"http:\/\/wygrywanki.pl\/art\/wp-json\/wp\/v2\/pages\/264\/revisions"}],"predecessor-version":[{"id":328,"href":"http:\/\/wygrywanki.pl\/art\/wp-json\/wp\/v2\/pages\/264\/revisions\/328"}],"wp:attachment":[{"href":"http:\/\/wygrywanki.pl\/art\/wp-json\/wp\/v2\/media?parent=264"}],"curies":[{"name":"wp","href":"https:\/\/api.w.org\/{rel}","templated":true}]}}