{"id":49,"date":"2014-02-05T20:53:38","date_gmt":"2014-02-05T19:53:38","guid":{"rendered":"http:\/\/wygrywanki.pl\/art\/?page_id=49"},"modified":"2015-11-15T19:25:07","modified_gmt":"2015-11-15T18:25:07","slug":"naklad-drukowany","status":"publish","type":"page","link":"http:\/\/wygrywanki.pl\/art\/naklad-drukowany\/","title":{"rendered":"Wydania Drukiem"},"content":{"rendered":"<p style=\"text-align: justify;\">Serdecznie zapraszamy do ksi\u0119gar\u0144 na terenie Polski lub do sk\u0142adania zam\u00f3wie\u0144 bezpo\u015brednio w naszej Ksi\u0119garni Internetowej, za po\u015brednictwem formularza kontaktowego dost\u0119pnego w dolnej cz\u0119\u015bci tej strony\u00a0albo\u00a0do zakup\u00f3w za po\u015brednictwem p\u0142atno\u015bci <span style=\"text-decoration: underline;\"><a href=\"http:\/\/allegro.pl\/sklep\/36237953_inventio-pro-arte\"><span style=\"color: #ff6600; text-decoration: underline;\">Allegro<\/span><\/a><\/span>.<\/p>\n<ul>\n<li style=\"text-align: left;\"><strong><a href=\"http:\/\/wygrywanki.pl\/category\/ksiegarnia\/\">Wygrywanki<\/a>\u00a0<\/strong>&#8211; 12 melodii\u00a0z przewodnikiem dla dzieci i rodzic\u00f3w.<\/li>\n<li style=\"text-align: left;\"><span style=\"color: #993366;\"><strong>Kol\u0119dy dla najm\u0142odszych<\/strong><\/span> \u00a0&#8211;\u00a0intuicyjno &#8211; graficzny zapis muzyki\u00a0od 4. roku \u017cycia.<\/li>\n<li style=\"text-align: left;\"><span style=\"color: #0000ff;\"><strong>Kol\u0119dy dla najm\u0142odszych &#8211; cz\u0119\u015b\u0107 II<\/strong><\/span><\/li>\n<li style=\"text-align: left;\"><span style=\"color: #99cc00;\"><strong>Christmas Carols<\/strong><span style=\"color: #000000;\">\u00a0&#8211;\u00a014 zagranicznych kol\u0119d i piosenek \u015bwi\u0105tecznych.<\/span><\/span><\/li>\n<li style=\"text-align: left;\"><span style=\"color: #0fbeef;\"><strong>Famous Melodies\u00a0\/\u00a0Popularne Melodie<\/strong><\/span>\u00a0&#8211; w notacji beznutowej &#8211; zbi\u00f3r popularnych w \u015bwiecie piosenek i melodii &#8211; idealny materia\u0142 tak\u017ce dla prywatnych szk\u00f3\u0142 muzycznych.\u00a0***<span style=\"color: #0fbeef;\">\u00a0<strong><a href=\"http:\/\/allegro.pl\/sklep\/36237953_inventio-pro-arte\"><span style=\"color: #0fbeef;\">ju\u017c dost\u0119pne!<\/span><\/a><\/strong><\/span>\u00a0***<\/li>\n<\/ul>\n<p>W przygotowaniu:<\/p>\n<ul>\n<li style=\"text-align: left;\"><strong><span style=\"color: #ff00ff;\">Wygrywanki na Duet Fortepianowy<\/span><\/strong>\u00a0&#8211; w notacji tradycyjnej i obrazkowej &#8211; dla szk\u00f3\u0142 muzycznych pierwszego stopnia.<br \/>\n<span style=\"color: #99cc00;\"><span style=\"color: #000000;\">&#8211; wersja<\/span> dzieci\u0119ca<\/span> (z prostsz\u0105 parti\u0105 harmoniczn\u0105)<br \/>\n&#8211; wersja <span style=\"color: #993300;\">nauczyciel <\/span>&#8211; <span style=\"color: #99cc00;\">ucze\u0144<\/span><\/li>\n<\/ul>\n","protected":false},"excerpt":{"rendered":"<p>Serdecznie zapraszamy do ksi\u0119gar\u0144 na terenie Polski lub do sk\u0142adania zam\u00f3wie\u0144 bezpo\u015brednio w naszej Ksi\u0119garni Internetowej, za po\u015brednictwem formularza kontaktowego dost\u0119pnego w dolnej cz\u0119\u015bci tej strony\u00a0albo\u00a0do zakup\u00f3w za po\u015brednictwem p\u0142atno\u015bci Allegro. Wygrywanki\u00a0&#8211; 12 melodii\u00a0z przewodnikiem dla dzieci i rodzic\u00f3w. Kol\u0119dy dla najm\u0142odszych \u00a0&#8211;\u00a0intuicyjno &#8211; graficzny zapis muzyki\u00a0od 4. roku \u017cycia. Kol\u0119dy dla najm\u0142odszych &#8211; cz\u0119\u015b\u0107 &hellip; <a href=\"http:\/\/wygrywanki.pl\/art\/naklad-drukowany\/\" class=\"more-link\">Czytaj dalej <span class=\"screen-reader-text\">Wydania Drukiem<\/span> <span class=\"meta-nav\">&rarr;<\/span><\/a><\/p>\n","protected":false},"author":1,"featured_media":0,"parent":0,"menu_order":3,"comment_status":"closed","ping_status":"closed","template":"","meta":{"footnotes":""},"_links":{"self":[{"href":"http:\/\/wygrywanki.pl\/art\/wp-json\/wp\/v2\/pages\/49"}],"collection":[{"href":"http:\/\/wygrywanki.pl\/art\/wp-json\/wp\/v2\/pages"}],"about":[{"href":"http:\/\/wygrywanki.pl\/art\/wp-json\/wp\/v2\/types\/page"}],"author":[{"embeddable":true,"href":"http:\/\/wygrywanki.pl\/art\/wp-json\/wp\/v2\/users\/1"}],"replies":[{"embeddable":true,"href":"http:\/\/wygrywanki.pl\/art\/wp-json\/wp\/v2\/comments?post=49"}],"version-history":[{"count":78,"href":"http:\/\/wygrywanki.pl\/art\/wp-json\/wp\/v2\/pages\/49\/revisions"}],"predecessor-version":[{"id":319,"href":"http:\/\/wygrywanki.pl\/art\/wp-json\/wp\/v2\/pages\/49\/revisions\/319"}],"wp:attachment":[{"href":"http:\/\/wygrywanki.pl\/art\/wp-json\/wp\/v2\/media?parent=49"}],"curies":[{"name":"wp","href":"https:\/\/api.w.org\/{rel}","templated":true}]}}